{"id":6210,"date":"2025-12-16T13:00:37","date_gmt":"2025-12-16T11:00:37","guid":{"rendered":"https:\/\/agorapetfood.com\/?post_type=product&#038;p=6210"},"modified":"2025-12-16T13:00:38","modified_gmt":"2025-12-16T11:00:38","slug":"mikan-hrana-umeda-tip-pate-pentru-pisici-cu-pui-100-g","status":"publish","type":"product","link":"https:\/\/agorapetfood.com\/hu\/produs\/mikan-hrana-umeda-tip-pate-pentru-pisici-cu-pui-100-g\/","title":{"rendered":"Mikan- Hran\u0103 umed\u0103 tip pate pentru pisici cu pui 100 g"},"content":{"rendered":"<p>Oferi\u021bi pisicii dvs. o hran\u0103 echilibrat\u0103 \u0219i savuroas\u0103, special formulat\u0103 pentru a sus\u021bine s\u0103n\u0103tatea \u0219i energizarea felinelor.<\/p>\n<h4>Compozi\u021bie:<\/h4>\n<p><\/p>\n<ul>\n<\/p>\n<li>Carne \u0219i deriva\u021bi de origine animal\u0103: 40% (pas\u0103re 4%)<\/li>\n<p><\/p>\n<li>Pe\u0219te \u0219i deriva\u021bi de pe\u0219te<\/li>\n<p><\/p>\n<li>Cereale<\/li>\n<p><\/p>\n<li>Deriva\u021bi de origine vegetal\u0103<\/li>\n<p><\/p>\n<li>Minerale<\/li>\n<p><\/p>\n<li>Diverse zaharuri<\/li>\n<p>\n<\/ul>\n<p><\/p>\n<h4>Constituen\u021bi Analitici:<\/h4>\n<p><\/p>\n<ul>\n<\/p>\n<li>Umiditate: 82.0%<\/li>\n<p><\/p>\n<li>Protein\u0103 brut\u0103: 9.0%<\/li>\n<p><\/p>\n<li>Con\u021binut de gr\u0103simi: 5.0%<\/li>\n<p><\/p>\n<li>Fibre brute: 0.3%<\/li>\n<p><\/p>\n<li>Cenu\u0219\u0103 brut\u0103: 3.0%<\/li>\n<p>\n<\/ul>\n<p><\/p>\n<h4>Aditivi cu Valoare Nutritiv\u0103\/kg:<\/h4>\n<p><\/p>\n<ul>\n<\/p>\n<li>Vitamina E: 25 UI<\/li>\n<p><\/p>\n<li>Zinc (sub form\u0103 de sulfat de zinc, monohidrat): 10 mg<\/li>\n<p><\/p>\n<li>Mangan (sub form\u0103 de oxid de mangan (II)): 2.5 mg<\/li>\n<p><\/p>\n<li>Iod (sub form\u0103 de iodat de calciu, anhidru): 0.2 mg<\/li>\n<p><\/p>\n<li>Taurin\u0103: 450 mg<\/li>\n<p>\n<\/ul>\n<p><\/p>\n<h4>Instruc\u021biuni de Hranire:<\/h4>\n<p>Cerin\u021bele nutri\u021bionale ale fiec\u0103rei pisici pot varia \u00een func\u021bie de factori precum v\u00e2rsta, ras\u0103, condi\u021bie corporal\u0103 \u0219i nivelul de activitate. Se recomand\u0103 administrarea a 1-2 mese pe zi. Ini\u021bial, hr\u0103ni\u021bi pisica conform cantit\u0103\u021bilor zilnice sugerate \u0219i ajusta\u021bi treptat pentru a men\u021bine o condi\u021bie corporal\u0103 optim\u0103.<\/p>\n<h4>Recomand\u0103ri:<\/h4>\n<p><\/p>\n<ul>\n<\/p>\n<li>Servi\u021bi de preferin\u021b\u0103 la temperatura camerei.<\/li>\n<p><\/p>\n<li>A se p\u0103stra \u00een ambalaj deschis maxim 2 zile \u00een frigider pentru prospe\u021bime maxim\u0103.<\/li>\n<p>\n<\/ul>\n<p>Oferi\u021bi pisicii dvs. o hran\u0103 complet\u0103 \u0219i nutritiv\u0103, \u00eembog\u0103\u021bit\u0103 cu carne de pui, pentru a-i asigura o via\u021b\u0103 s\u0103n\u0103toas\u0103 \u0219i plin\u0103 de energie!<\/p>","protected":false},"excerpt":{"rendered":"<p>Oferi\u021bi pisicii dvs. o hran\u0103 echilibrat\u0103 \u0219i savuroas\u0103, special formulat\u0103 pentru a sus\u021bine s\u0103n\u0103tatea \u0219i energizarea felinelor. Compozi\u021bie: Carne \u0219i deriva\u021bi de origine animal\u0103: 40% (pas\u0103re 4%) Pe\u0219te \u0219i deriva\u021bi de pe\u0219te Cereale Deriva\u021bi de origine vegetal\u0103 Minerale Diverse zaharuri Constituen\u021bi Analitici: Umiditate: 82.0% Protein\u0103 brut\u0103: 9.0% Con\u021binut de gr\u0103simi: 5.0% Fibre brute: 0.3% Cenu\u0219\u0103<a class=\"more-link\" href=\"https:\/\/agorapetfood.com\/hu\/produs\/mikan-hrana-umeda-tip-pate-pentru-pisici-cu-pui-100-g\/\">Continue reading <span class=\"screen-reader-text\">&#8220;Mikan- Hran\u0103 umed\u0103 tip pate pentru pisici cu pui 100 g&#8221;<\/span><\/a><\/p>","protected":false},"featured_media":6211,"comment_status":"open","ping_status":"closed","template":"","meta":[],"product_brand":[],"product_cat":[],"product_tag":[],"class_list":{"0":"post-6210","1":"product","2":"type-product","3":"status-publish","4":"has-post-thumbnail","6":"entry","8":"first","9":"instock","10":"shipping-taxable","11":"purchasable","12":"product-type-simple"},"_links":{"self":[{"href":"https:\/\/agorapetfood.com\/hu\/wp-json\/wp\/v2\/product\/6210","targetHints":{"allow":["GET"]}}],"collection":[{"href":"https:\/\/agorapetfood.com\/hu\/wp-json\/wp\/v2\/product"}],"about":[{"href":"https:\/\/agorapetfood.com\/hu\/wp-json\/wp\/v2\/types\/product"}],"replies":[{"embeddable":true,"href":"https:\/\/agorapetfood.com\/hu\/wp-json\/wp\/v2\/comments?post=6210"}],"wp:featuredmedia":[{"embeddable":true,"href":"https:\/\/agorapetfood.com\/hu\/wp-json\/wp\/v2\/media\/6211"}],"wp:attachment":[{"href":"https:\/\/agorapetfood.com\/hu\/wp-json\/wp\/v2\/media?parent=6210"}],"wp:term":[{"taxonomy":"product_brand","embeddable":true,"href":"https:\/\/agorapetfood.com\/hu\/wp-json\/wp\/v2\/product_brand?post=6210"},{"taxonomy":"product_cat","embeddable":true,"href":"https:\/\/agorapetfood.com\/hu\/wp-json\/wp\/v2\/product_cat?post=6210"},{"taxonomy":"product_tag","embeddable":true,"href":"https:\/\/agorapetfood.com\/hu\/wp-json\/wp\/v2\/product_tag?post=6210"}],"curies":[{"name":"wp","href":"https:\/\/api.w.org\/{rel}","templated":true}]}}