{"id":6186,"date":"2025-12-16T13:00:15","date_gmt":"2025-12-16T11:00:15","guid":{"rendered":"https:\/\/agorapetfood.com\/?post_type=product&#038;p=6186"},"modified":"2025-12-16T13:00:16","modified_gmt":"2025-12-16T11:00:16","slug":"power-dog-junior-10kg","status":"publish","type":"product","link":"https:\/\/agorapetfood.com\/hu\/produs\/power-dog-junior-10kg\/","title":{"rendered":"Power dog Junior 10Kg"},"content":{"rendered":"<p>POWER DOG junior-10kg este o hran\u0103 uscat\u0103 uscat\u0103 complet\u0103 pentru c\u00e2ini tineri .<\/p>\n<p><strong> Compozitie:<\/strong><\/p>\n<p>cereale, produse de origine vegetal\u0103, carne si derivate de origine animal\u0103, uleiuri, gr\u0103simi, minerale<\/p>\n<p><strong> Constituenti analitici:<\/strong><\/p>\n<p>protein\u0103 brut\u0103- 25%<\/p>\n<p>uleiuri si gr\u0103simi- 10<\/p>\n<p>cenu\u0219\u0103 brut\u0103 -9%<\/p>\n<p>Fibre brute-3,5%<\/p>\n<p>Produsul con\u021bine antioxidan\u021bi<\/p>","protected":false},"excerpt":{"rendered":"<p>POWER DOG junior-10kg este o hran\u0103 uscat\u0103 uscat\u0103 complet\u0103 pentru c\u00e2ini tineri . Compozitie: cereale, produse de origine vegetal\u0103, carne si derivate de origine animal\u0103, uleiuri, gr\u0103simi, minerale Constituenti analitici: protein\u0103 brut\u0103- 25% uleiuri si gr\u0103simi- 10 cenu\u0219\u0103 brut\u0103 -9% Fibre brute-3,5% Produsul con\u021bine antioxidan\u021bi<\/p>","protected":false},"featured_media":6187,"comment_status":"open","ping_status":"closed","template":"","meta":[],"product_brand":[],"product_cat":[],"product_tag":[],"class_list":{"0":"post-6186","1":"product","2":"type-product","3":"status-publish","4":"has-post-thumbnail","6":"entry","8":"first","9":"instock","10":"shipping-taxable","11":"purchasable","12":"product-type-simple"},"_links":{"self":[{"href":"https:\/\/agorapetfood.com\/hu\/wp-json\/wp\/v2\/product\/6186","targetHints":{"allow":["GET"]}}],"collection":[{"href":"https:\/\/agorapetfood.com\/hu\/wp-json\/wp\/v2\/product"}],"about":[{"href":"https:\/\/agorapetfood.com\/hu\/wp-json\/wp\/v2\/types\/product"}],"replies":[{"embeddable":true,"href":"https:\/\/agorapetfood.com\/hu\/wp-json\/wp\/v2\/comments?post=6186"}],"wp:featuredmedia":[{"embeddable":true,"href":"https:\/\/agorapetfood.com\/hu\/wp-json\/wp\/v2\/media\/6187"}],"wp:attachment":[{"href":"https:\/\/agorapetfood.com\/hu\/wp-json\/wp\/v2\/media?parent=6186"}],"wp:term":[{"taxonomy":"product_brand","embeddable":true,"href":"https:\/\/agorapetfood.com\/hu\/wp-json\/wp\/v2\/product_brand?post=6186"},{"taxonomy":"product_cat","embeddable":true,"href":"https:\/\/agorapetfood.com\/hu\/wp-json\/wp\/v2\/product_cat?post=6186"},{"taxonomy":"product_tag","embeddable":true,"href":"https:\/\/agorapetfood.com\/hu\/wp-json\/wp\/v2\/product_tag?post=6186"}],"curies":[{"name":"wp","href":"https:\/\/api.w.org\/{rel}","templated":true}]}}