{"id":6182,"date":"2025-12-16T13:00:08","date_gmt":"2025-12-16T11:00:08","guid":{"rendered":"https:\/\/agorapetfood.com\/?post_type=product&#038;p=6182"},"modified":"2025-12-16T13:00:09","modified_gmt":"2025-12-16T11:00:09","slug":"conserva-pentru-caini-spark-cu-vita","status":"publish","type":"product","link":"https:\/\/agorapetfood.com\/hu\/produs\/conserva-pentru-caini-spark-cu-vita\/","title":{"rendered":"Conserv\u0103 pentru c\u00e2ini SPARK cu vit\u0103"},"content":{"rendered":"<p>Hrana umed\u0103 este recomandat\u0103 \u00een completarea hranei uscate administrat\u0103 zilnic c\u00e2inelui.<br \/>Hrana umed\u0103 este recomandat\u0103 \u00een completarea hranei uscate administrat\u0103 zilnic c\u00e2inelui.<\/p>\n<p>COMPOZI\u0162IE: carne \u015fi derivate de origine animal( 4% carne de vita) , cereale, saruri minerale.<\/p>\n<p>Constituienti analitici:<\/p>\n<p>Proteine brute 6.5%<\/p>\n<p>Grasimi si uleiuri brute 3.5%<\/p>\n<p><strong>INDICA\u0162II DE HR\u0102NIRE \u015eI CONDI\u0162II DE P\u0102STRARE:<\/strong> A se p\u0103stra la temperatura camerei. Dup\u0103 deschidere, p\u0103stra\u0163i produsul \u00een frigider \u015fi consuma\u0163i \u00een termen de maxim dou\u0103 zile! Depozita\u0163i \u00eentr-un loc r\u0103coros \u015fi uscat!<\/p>","protected":false},"excerpt":{"rendered":"<p>Hrana umed\u0103 este recomandat\u0103 \u00een completarea hranei uscate administrat\u0103 zilnic c\u00e2inelui.Hrana umed\u0103 este recomandat\u0103 \u00een completarea hranei uscate administrat\u0103 zilnic c\u00e2inelui. COMPOZI\u0162IE: carne \u015fi derivate de origine animal( 4% carne de vita) , cereale, saruri minerale. Constituienti analitici: Proteine brute 6.5% Grasimi si uleiuri brute 3.5% INDICA\u0162II DE HR\u0102NIRE \u015eI CONDI\u0162II DE P\u0102STRARE: A se<a class=\"more-link\" href=\"https:\/\/agorapetfood.com\/hu\/produs\/conserva-pentru-caini-spark-cu-vita\/\">Continue reading <span class=\"screen-reader-text\">&#8220;Conserv\u0103 pentru c\u00e2ini SPARK cu vit\u0103&#8221;<\/span><\/a><\/p>","protected":false},"featured_media":6183,"comment_status":"closed","ping_status":"closed","template":"","meta":[],"product_brand":[],"product_cat":[],"product_tag":[],"class_list":{"0":"post-6182","1":"product","2":"type-product","3":"status-publish","4":"has-post-thumbnail","6":"entry","8":"first","9":"instock","10":"shipping-taxable","11":"purchasable","12":"product-type-simple"},"_links":{"self":[{"href":"https:\/\/agorapetfood.com\/hu\/wp-json\/wp\/v2\/product\/6182","targetHints":{"allow":["GET"]}}],"collection":[{"href":"https:\/\/agorapetfood.com\/hu\/wp-json\/wp\/v2\/product"}],"about":[{"href":"https:\/\/agorapetfood.com\/hu\/wp-json\/wp\/v2\/types\/product"}],"replies":[{"embeddable":true,"href":"https:\/\/agorapetfood.com\/hu\/wp-json\/wp\/v2\/comments?post=6182"}],"wp:featuredmedia":[{"embeddable":true,"href":"https:\/\/agorapetfood.com\/hu\/wp-json\/wp\/v2\/media\/6183"}],"wp:attachment":[{"href":"https:\/\/agorapetfood.com\/hu\/wp-json\/wp\/v2\/media?parent=6182"}],"wp:term":[{"taxonomy":"product_brand","embeddable":true,"href":"https:\/\/agorapetfood.com\/hu\/wp-json\/wp\/v2\/product_brand?post=6182"},{"taxonomy":"product_cat","embeddable":true,"href":"https:\/\/agorapetfood.com\/hu\/wp-json\/wp\/v2\/product_cat?post=6182"},{"taxonomy":"product_tag","embeddable":true,"href":"https:\/\/agorapetfood.com\/hu\/wp-json\/wp\/v2\/product_tag?post=6182"}],"curies":[{"name":"wp","href":"https:\/\/api.w.org\/{rel}","templated":true}]}}