{"id":6178,"date":"2025-12-16T13:00:05","date_gmt":"2025-12-16T11:00:05","guid":{"rendered":"https:\/\/agorapetfood.com\/?post_type=product&#038;p=6178"},"modified":"2025-12-16T13:00:06","modified_gmt":"2025-12-16T11:00:06","slug":"conserva-pisici-spark-cu-pui-415g","status":"publish","type":"product","link":"https:\/\/agorapetfood.com\/hu\/produs\/conserva-pisici-spark-cu-pui-415g\/","title":{"rendered":"Conserv\u0103 pisici SPARK cu pui 415g"},"content":{"rendered":"<p><strong>Cantitate:<\/strong> 415g<\/p>\n<p><strong>Compozi\u021bie:<\/strong><\/p>\n<p>Carne \u0219i derivate de origine animal\u0103 (4% pasare)<\/p>\n<p>Cereale<\/p>\n<p>Saruri minerale<br \/><strong>Cantitate:<\/strong> 415g<\/p>\n<p><strong>Compozi\u021bie:<\/strong><\/p>\n<p>Carne \u0219i derivate de origine animal\u0103 (4% pasare)<\/p>\n<p>Cereale<\/p>\n<p>Saruri minerale<\/p>\n<p><strong>INDICA\u0162II DE HR\u0102NIRE \u015eI CONDI\u0162II DE P\u0102STRARE:<\/strong> A se p\u0103stra la temperatura camerei. Dup\u0103 deschidere, p\u0103stra\u0163i produsul \u00een frigider \u015fi consuma\u0163i \u00een termen de maxim dou\u0103 zile! Produsul este utilizat exclusiv pentru hrana animalelor! Depozita\u0163i \u00eentr-un loc r\u0103coros \u015fi uscat!<\/p>","protected":false},"excerpt":{"rendered":"<p>Cantitate: 415g Compozi\u021bie: Carne \u0219i derivate de origine animal\u0103 (4% pasare) Cereale Saruri mineraleCantitate: 415g Compozi\u021bie: Carne \u0219i derivate de origine animal\u0103 (4% pasare) Cereale Saruri minerale INDICA\u0162II DE HR\u0102NIRE \u015eI CONDI\u0162II DE P\u0102STRARE: A se p\u0103stra la temperatura camerei. Dup\u0103 deschidere, p\u0103stra\u0163i produsul \u00een frigider \u015fi consuma\u0163i \u00een termen de maxim dou\u0103 zile! Produsul<a class=\"more-link\" href=\"https:\/\/agorapetfood.com\/hu\/produs\/conserva-pisici-spark-cu-pui-415g\/\">Continue reading <span class=\"screen-reader-text\">&#8220;Conserv\u0103 pisici SPARK cu pui 415g&#8221;<\/span><\/a><\/p>","protected":false},"featured_media":6179,"comment_status":"closed","ping_status":"closed","template":"","meta":[],"product_brand":[],"product_cat":[],"product_tag":[],"class_list":{"0":"post-6178","1":"product","2":"type-product","3":"status-publish","4":"has-post-thumbnail","6":"entry","8":"first","9":"instock","10":"shipping-taxable","11":"purchasable","12":"product-type-simple"},"_links":{"self":[{"href":"https:\/\/agorapetfood.com\/hu\/wp-json\/wp\/v2\/product\/6178","targetHints":{"allow":["GET"]}}],"collection":[{"href":"https:\/\/agorapetfood.com\/hu\/wp-json\/wp\/v2\/product"}],"about":[{"href":"https:\/\/agorapetfood.com\/hu\/wp-json\/wp\/v2\/types\/product"}],"replies":[{"embeddable":true,"href":"https:\/\/agorapetfood.com\/hu\/wp-json\/wp\/v2\/comments?post=6178"}],"wp:featuredmedia":[{"embeddable":true,"href":"https:\/\/agorapetfood.com\/hu\/wp-json\/wp\/v2\/media\/6179"}],"wp:attachment":[{"href":"https:\/\/agorapetfood.com\/hu\/wp-json\/wp\/v2\/media?parent=6178"}],"wp:term":[{"taxonomy":"product_brand","embeddable":true,"href":"https:\/\/agorapetfood.com\/hu\/wp-json\/wp\/v2\/product_brand?post=6178"},{"taxonomy":"product_cat","embeddable":true,"href":"https:\/\/agorapetfood.com\/hu\/wp-json\/wp\/v2\/product_cat?post=6178"},{"taxonomy":"product_tag","embeddable":true,"href":"https:\/\/agorapetfood.com\/hu\/wp-json\/wp\/v2\/product_tag?post=6178"}],"curies":[{"name":"wp","href":"https:\/\/api.w.org\/{rel}","templated":true}]}}