{"id":6150,"date":"2025-12-16T12:59:39","date_gmt":"2025-12-16T10:59:39","guid":{"rendered":"https:\/\/agorapetfood.com\/?post_type=product&#038;p=6150"},"modified":"2025-12-16T12:59:41","modified_gmt":"2025-12-16T10:59:41","slug":"agora-conserva-pentru-caini-mini-cu-miel-grainfree-200-gr","status":"publish","type":"product","link":"https:\/\/agorapetfood.com\/hu\/produs\/agora-conserva-pentru-caini-mini-cu-miel-grainfree-200-gr\/","title":{"rendered":"Agora Conserv\u0103 pentru c\u00e2ini mini cu miel GrainFree 200 gr"},"content":{"rendered":"<p><strong>Agora GrainFree &#8211; Hran\u0103 umed\u0103 complet\u0103 pentru c\u00e2ini adul\u021bi de talie mic\u0103, cu Miel<\/strong><\/p>\n<p>R\u0103sfa\u021b\u0103-\u021bi c\u00e2inele cu gustul delicios al <strong>Agora GrainFree cu miel<\/strong>, o hran\u0103 umed\u0103 f\u0103r\u0103 cereale, creat\u0103 pentru a oferi un echilibru optim de nutrien\u021bi esen\u021biali.<\/p>\n<p>\u2714 <strong>Surs\u0103 de proteine de calitate<\/strong> \u2013 Con\u021bine carne oferind nutrien\u021bii necesari pentru o musculatur\u0103 puternic\u0103 \u0219i s\u0103n\u0103toas\u0103.<br \/>\u2714 <strong>\u00cembog\u0103\u021bit\u0103 cu vitamine \u0219i minerale<\/strong> \u2013 Vitaminele D3, E, complexul B \u0219i mineralele esen\u021biale (zinc, mangan) contribuie la un sistem imunitar puternic \u0219i la o piele s\u0103n\u0103toas\u0103.<br \/>\u2714 <strong>Hidratare optim\u0103 \u0219i digestibilitate ridicat\u0103<\/strong> \u2013 Con\u021binut ridicat de umiditate (77%) \u0219i gr\u0103simi s\u0103n\u0103toase (6,8%) pentru un plus de energie \u0219i o digestie u\u0219oar\u0103.<\/p>\n<p>\ud83d\udccd <strong>F\u0103r\u0103 cereale, f\u0103r\u0103 coloran\u021bi sau conservan\u021bi artificiali<\/strong> \u2013 o mas\u0103 natural\u0103 \u0219i delicioas\u0103 pentru c\u00e2inele t\u0103u!<\/p>","protected":false},"excerpt":{"rendered":"<p>Agora GrainFree &#8211; Hran\u0103 umed\u0103 complet\u0103 pentru c\u00e2ini adul\u021bi de talie mic\u0103, cu Miel R\u0103sfa\u021b\u0103-\u021bi c\u00e2inele cu gustul delicios al Agora GrainFree cu miel, o hran\u0103 umed\u0103 f\u0103r\u0103 cereale, creat\u0103 pentru a oferi un echilibru optim de nutrien\u021bi esen\u021biali. \u2714 Surs\u0103 de proteine de calitate \u2013 Con\u021bine carne oferind nutrien\u021bii necesari pentru o musculatur\u0103 puternic\u0103<a class=\"more-link\" href=\"https:\/\/agorapetfood.com\/hu\/produs\/agora-conserva-pentru-caini-mini-cu-miel-grainfree-200-gr\/\">Continue reading <span class=\"screen-reader-text\">&#8220;Agora Conserv\u0103 pentru c\u00e2ini mini cu miel GrainFree 200 gr&#8221;<\/span><\/a><\/p>","protected":false},"featured_media":6151,"comment_status":"open","ping_status":"closed","template":"","meta":[],"product_brand":[],"product_cat":[],"product_tag":[],"class_list":{"0":"post-6150","1":"product","2":"type-product","3":"status-publish","4":"has-post-thumbnail","6":"entry","8":"first","9":"instock","10":"shipping-taxable","11":"purchasable","12":"product-type-simple"},"_links":{"self":[{"href":"https:\/\/agorapetfood.com\/hu\/wp-json\/wp\/v2\/product\/6150","targetHints":{"allow":["GET"]}}],"collection":[{"href":"https:\/\/agorapetfood.com\/hu\/wp-json\/wp\/v2\/product"}],"about":[{"href":"https:\/\/agorapetfood.com\/hu\/wp-json\/wp\/v2\/types\/product"}],"replies":[{"embeddable":true,"href":"https:\/\/agorapetfood.com\/hu\/wp-json\/wp\/v2\/comments?post=6150"}],"wp:featuredmedia":[{"embeddable":true,"href":"https:\/\/agorapetfood.com\/hu\/wp-json\/wp\/v2\/media\/6151"}],"wp:attachment":[{"href":"https:\/\/agorapetfood.com\/hu\/wp-json\/wp\/v2\/media?parent=6150"}],"wp:term":[{"taxonomy":"product_brand","embeddable":true,"href":"https:\/\/agorapetfood.com\/hu\/wp-json\/wp\/v2\/product_brand?post=6150"},{"taxonomy":"product_cat","embeddable":true,"href":"https:\/\/agorapetfood.com\/hu\/wp-json\/wp\/v2\/product_cat?post=6150"},{"taxonomy":"product_tag","embeddable":true,"href":"https:\/\/agorapetfood.com\/hu\/wp-json\/wp\/v2\/product_tag?post=6150"}],"curies":[{"name":"wp","href":"https:\/\/api.w.org\/{rel}","templated":true}]}}