{"id":6146,"date":"2025-12-16T12:59:37","date_gmt":"2025-12-16T10:59:37","guid":{"rendered":"https:\/\/agorapetfood.com\/?post_type=product&#038;p=6146"},"modified":"2025-12-16T12:59:38","modified_gmt":"2025-12-16T10:59:38","slug":"agora-conserva-pentru-pisici-cu-iepure-grainfree-200-gr","status":"publish","type":"product","link":"https:\/\/agorapetfood.com\/hu\/produs\/agora-conserva-pentru-pisici-cu-iepure-grainfree-200-gr\/","title":{"rendered":"Agora Conserv\u0103 pentru pisici cu iepure GrainFree 200 gr"},"content":{"rendered":"<p><strong>Agora GrainFree &#8211; Hran\u0103 umed\u0103 complet\u0103 pentru pisici adulte, cu Iepure<\/strong><\/p>\n<p>Hr\u0103ne\u0219te-\u021bi pisica cu <strong>Agora GrainFree cu iepure<\/strong>, o hran\u0103 umed\u0103 complet\u0103 \u0219i echilibrat\u0103, f\u0103r\u0103 cereale, care ofer\u0103 nutrien\u021bii necesari pentru o via\u021b\u0103 activ\u0103 \u0219i s\u0103n\u0103toas\u0103.<\/p>\n<p>\u2714 <strong>Ingrediente de calitate superioar\u0103<\/strong> \u2013 Con\u021bine carne , o surs\u0103 excelent\u0103 de proteine u\u0219or digerabile pentru o pisic\u0103 activ\u0103.<br \/>\u2714 <strong>Suport pentru s\u0103n\u0103tatea general\u0103<\/strong> \u2013 \u00cembog\u0103\u021bit\u0103 cu vitamine esen\u021biale (D3, E, B) \u0219i taurina, un aminoacid esen\u021bial pentru s\u0103n\u0103tatea ochilor \u0219i a inimii pisicii tale.<br \/>\u2714 <strong>Digestibilitate excelent\u0103 \u0219i hidratare optim\u0103<\/strong> \u2013 Con\u021binut ridicat de umiditate (77%) \u0219i gr\u0103simi s\u0103n\u0103toase (6,5%) pentru o hidratare corect\u0103 \u0219i o digestie u\u0219oar\u0103.<br \/>\u2714 <strong>\u00cembun\u0103t\u0103\u021bit\u0103 cu legume \u0219i psyllium<\/strong> \u2013 Maz\u0103rea (2%) \u0219i psyllium-ul (0,1%) contribuie la o digestie eficient\u0103 \u0219i o piele s\u0103n\u0103toas\u0103.<\/p>\n<p>\ud83d\udccd <strong>F\u0103r\u0103 cereale, f\u0103r\u0103 coloran\u021bi sau conservan\u021bi artificiali<\/strong> \u2013 O hran\u0103 natural\u0103 \u0219i gustuoas\u0103, perfect\u0103 pentru pisica ta adult\u0103!<\/p>","protected":false},"excerpt":{"rendered":"<p>Agora GrainFree &#8211; Hran\u0103 umed\u0103 complet\u0103 pentru pisici adulte, cu Iepure Hr\u0103ne\u0219te-\u021bi pisica cu Agora GrainFree cu iepure, o hran\u0103 umed\u0103 complet\u0103 \u0219i echilibrat\u0103, f\u0103r\u0103 cereale, care ofer\u0103 nutrien\u021bii necesari pentru o via\u021b\u0103 activ\u0103 \u0219i s\u0103n\u0103toas\u0103. \u2714 Ingrediente de calitate superioar\u0103 \u2013 Con\u021bine carne , o surs\u0103 excelent\u0103 de proteine u\u0219or digerabile pentru o pisic\u0103<a class=\"more-link\" href=\"https:\/\/agorapetfood.com\/hu\/produs\/agora-conserva-pentru-pisici-cu-iepure-grainfree-200-gr\/\">Continue reading <span class=\"screen-reader-text\">&#8220;Agora Conserv\u0103 pentru pisici cu iepure GrainFree 200 gr&#8221;<\/span><\/a><\/p>","protected":false},"featured_media":6147,"comment_status":"open","ping_status":"closed","template":"","meta":[],"product_brand":[],"product_cat":[],"product_tag":[],"class_list":{"0":"post-6146","1":"product","2":"type-product","3":"status-publish","4":"has-post-thumbnail","6":"entry","8":"first","9":"instock","10":"shipping-taxable","11":"purchasable","12":"product-type-simple"},"_links":{"self":[{"href":"https:\/\/agorapetfood.com\/hu\/wp-json\/wp\/v2\/product\/6146","targetHints":{"allow":["GET"]}}],"collection":[{"href":"https:\/\/agorapetfood.com\/hu\/wp-json\/wp\/v2\/product"}],"about":[{"href":"https:\/\/agorapetfood.com\/hu\/wp-json\/wp\/v2\/types\/product"}],"replies":[{"embeddable":true,"href":"https:\/\/agorapetfood.com\/hu\/wp-json\/wp\/v2\/comments?post=6146"}],"wp:featuredmedia":[{"embeddable":true,"href":"https:\/\/agorapetfood.com\/hu\/wp-json\/wp\/v2\/media\/6147"}],"wp:attachment":[{"href":"https:\/\/agorapetfood.com\/hu\/wp-json\/wp\/v2\/media?parent=6146"}],"wp:term":[{"taxonomy":"product_brand","embeddable":true,"href":"https:\/\/agorapetfood.com\/hu\/wp-json\/wp\/v2\/product_brand?post=6146"},{"taxonomy":"product_cat","embeddable":true,"href":"https:\/\/agorapetfood.com\/hu\/wp-json\/wp\/v2\/product_cat?post=6146"},{"taxonomy":"product_tag","embeddable":true,"href":"https:\/\/agorapetfood.com\/hu\/wp-json\/wp\/v2\/product_tag?post=6146"}],"curies":[{"name":"wp","href":"https:\/\/api.w.org\/{rel}","templated":true}]}}