{"id":6142,"date":"2025-12-16T12:59:34","date_gmt":"2025-12-16T10:59:34","guid":{"rendered":"https:\/\/agorapetfood.com\/?post_type=product&#038;p=6142"},"modified":"2025-12-16T12:59:35","modified_gmt":"2025-12-16T10:59:35","slug":"agora-conserva-pentru-pisici-cu-ton-grainfree-200-gr","status":"publish","type":"product","link":"https:\/\/agorapetfood.com\/hu\/produs\/agora-conserva-pentru-pisici-cu-ton-grainfree-200-gr\/","title":{"rendered":"Agora Conserv\u0103 pentru pisici cu ton GrainFree 200 gr"},"content":{"rendered":"<p><strong>Agora GrainFree &#8211; Hran\u0103 umed\u0103 complet\u0103 pentru pisici adulte, cu Ton<\/strong><\/p>\n<p>Ofer\u0103-i pisicii tale o mas\u0103 s\u0103n\u0103toas\u0103 \u0219i delicioas\u0103 cu <strong>Agora GrainFree cu ton<\/strong>, o hran\u0103 umed\u0103 complet\u0103, bogat\u0103 \u00een proteine \u0219i f\u0103r\u0103 cereale, perfect\u0103 pentru pisicile adulte.<\/p>\n<p>\u2714 <strong>Ingrediente de calitate superioar\u0103<\/strong> \u2013 Con\u021bine 64% carne \u0219i subproduse animale, \u0219i 4% ton, o surs\u0103 excelent\u0103 de proteine \u0219i acizi gra\u0219i esen\u021biali.<br \/>\u2714 <strong>Suport pentru s\u0103n\u0103tatea pielii \u0219i a bl\u0103nii<\/strong> \u2013 Taurina, vitaminele E, B \u0219i mineralele esen\u021biale contribuie la men\u021binerea unei bl\u0103ni s\u0103n\u0103toase \u0219i a unui sistem imunitar puternic.<br \/>\u2714 <strong>Digestibilitate ridicat\u0103 \u0219i hidratare optim\u0103<\/strong> \u2013 Con\u021binut ridicat de umiditate (77%) \u0219i gr\u0103simi s\u0103n\u0103toase (6,5%) pentru o digestie eficient\u0103 \u0219i o hidratare corespunz\u0103toare.<br \/>\u2714 <strong>F\u0103r\u0103 cereale \u0219i conservan\u021bi artificiali<\/strong> \u2013 O hran\u0103 natural\u0103 \u0219i echilibrat\u0103, care sprijin\u0103 s\u0103n\u0103tatea general\u0103 a pisicii tale adulte.<\/p>\n<p>\ud83d\udccd <strong>Energie brut\u0103: 134,48 kcal\/100 g<\/strong> \u2013 pentru un aport optim de energie \u00een fiecare por\u021bie!<\/p>","protected":false},"excerpt":{"rendered":"<p>Agora GrainFree &#8211; Hran\u0103 umed\u0103 complet\u0103 pentru pisici adulte, cu Ton Ofer\u0103-i pisicii tale o mas\u0103 s\u0103n\u0103toas\u0103 \u0219i delicioas\u0103 cu Agora GrainFree cu ton, o hran\u0103 umed\u0103 complet\u0103, bogat\u0103 \u00een proteine \u0219i f\u0103r\u0103 cereale, perfect\u0103 pentru pisicile adulte. \u2714 Ingrediente de calitate superioar\u0103 \u2013 Con\u021bine 64% carne \u0219i subproduse animale, \u0219i 4% ton, o surs\u0103<a class=\"more-link\" href=\"https:\/\/agorapetfood.com\/hu\/produs\/agora-conserva-pentru-pisici-cu-ton-grainfree-200-gr\/\">Continue reading <span class=\"screen-reader-text\">&#8220;Agora Conserv\u0103 pentru pisici cu ton GrainFree 200 gr&#8221;<\/span><\/a><\/p>","protected":false},"featured_media":6143,"comment_status":"open","ping_status":"closed","template":"","meta":[],"product_brand":[],"product_cat":[],"product_tag":[],"class_list":{"0":"post-6142","1":"product","2":"type-product","3":"status-publish","4":"has-post-thumbnail","6":"entry","8":"first","9":"instock","10":"shipping-taxable","11":"purchasable","12":"product-type-simple"},"_links":{"self":[{"href":"https:\/\/agorapetfood.com\/hu\/wp-json\/wp\/v2\/product\/6142","targetHints":{"allow":["GET"]}}],"collection":[{"href":"https:\/\/agorapetfood.com\/hu\/wp-json\/wp\/v2\/product"}],"about":[{"href":"https:\/\/agorapetfood.com\/hu\/wp-json\/wp\/v2\/types\/product"}],"replies":[{"embeddable":true,"href":"https:\/\/agorapetfood.com\/hu\/wp-json\/wp\/v2\/comments?post=6142"}],"wp:featuredmedia":[{"embeddable":true,"href":"https:\/\/agorapetfood.com\/hu\/wp-json\/wp\/v2\/media\/6143"}],"wp:attachment":[{"href":"https:\/\/agorapetfood.com\/hu\/wp-json\/wp\/v2\/media?parent=6142"}],"wp:term":[{"taxonomy":"product_brand","embeddable":true,"href":"https:\/\/agorapetfood.com\/hu\/wp-json\/wp\/v2\/product_brand?post=6142"},{"taxonomy":"product_cat","embeddable":true,"href":"https:\/\/agorapetfood.com\/hu\/wp-json\/wp\/v2\/product_cat?post=6142"},{"taxonomy":"product_tag","embeddable":true,"href":"https:\/\/agorapetfood.com\/hu\/wp-json\/wp\/v2\/product_tag?post=6142"}],"curies":[{"name":"wp","href":"https:\/\/api.w.org\/{rel}","templated":true}]}}