{"id":6141,"date":"2025-12-16T12:59:34","date_gmt":"2025-12-16T10:59:34","guid":{"rendered":"https:\/\/agorapetfood.com\/?post_type=product&#038;p=6141"},"modified":"2025-12-16T12:59:34","modified_gmt":"2025-12-16T10:59:34","slug":"kings-mix-hrana-completa-pentru-sezonul-de-reproducere-al-porumbeilor-20-kg-3","status":"publish","type":"product","link":"https:\/\/agorapetfood.com\/hu\/produs\/kings-mix-hrana-completa-pentru-sezonul-de-reproducere-al-porumbeilor-20-kg-3\/","title":{"rendered":"King&#8217;s Mix-Hran\u0103 complet\u0103 pentru sezonul de reproducere al porumbeilor 20 Kg"},"content":{"rendered":"<p data-start=\"78\" data-end=\"259\">Hran\u0103 special formulat\u0103 pentru porumbeii \u00een perioada de reproducere, oferind un amestec echilibrat de ingrediente esen\u021biale pentru o dezvoltare s\u0103n\u0103toas\u0103 \u0219i o performan\u021b\u0103 excelent\u0103.<\/p>\n<p data-start=\"261\" data-end=\"476\"><strong data-start=\"261\" data-end=\"276\">Compozi\u021bie:<\/strong><br data-start=\"276\" data-end=\"279\">Porumb \u201ecribbs\u201d, maz\u0103re galben\u0103, maz\u0103re verde, maz\u0103re \u201edunpeas\u201d, sorg ro\u0219u (dari), sorg alb \u201edari\u201d, gr\u00e2u alb, semin\u021be de \u0219ofr\u0103nel, maz\u0103re \u201emaz\u0103re de ar\u021bar\u201d, fasole mung, hri\u0219c\u0103, ov\u0103z decojit, vit\u0103.<\/p>\n<p data-start=\"478\" data-end=\"505\"><strong data-start=\"478\" data-end=\"503\">Componente analitice:<\/strong><\/p>\n<ul data-start=\"506\" data-end=\"551\">\n<li data-start=\"506\" data-end=\"531\">Protein\u0103 brut\u0103: 14.9%<\/li>\n<li data-start=\"532\" data-end=\"551\">Fibre brute: 4.9%<\/li>\n<\/ul>\n<p data-start=\"553\" data-end=\"837\"><strong data-start=\"553\" data-end=\"567\">Beneficii:<\/strong><br data-start=\"567\" data-end=\"570\">King&#8217;s Mix este ideal pentru a sprijini s\u0103n\u0103tatea \u0219i energia porumbeilor \u00een perioada de reproducere, asigur\u00e2ndu-le nutrien\u021bii necesari pentru o dezvoltare optim\u0103 \u0219i o reproducere eficient\u0103. Ofer\u0103 un con\u021binut echilibrat de proteine \u0219i fibre pentru o nutri\u021bie complet\u0103.<\/p>\n<p data-start=\"839\" data-end=\"907\" data-is-last-node=\"\" data-is-only-node=\"\"><strong data-start=\"839\" data-end=\"907\" data-is-last-node=\"\">Alege King&#8217;s Mix pentru porumbeii t\u0103i \u00een sezonul de reproducere!<\/strong><\/p>","protected":false},"excerpt":{"rendered":"<p>Hran\u0103 special formulat\u0103 pentru porumbeii \u00een perioada de reproducere, oferind un amestec echilibrat de ingrediente esen\u021biale pentru o dezvoltare s\u0103n\u0103toas\u0103 \u0219i o performan\u021b\u0103 excelent\u0103. Compozi\u021bie:Porumb \u201ecribbs\u201d, maz\u0103re galben\u0103, maz\u0103re verde, maz\u0103re \u201edunpeas\u201d, sorg ro\u0219u (dari), sorg alb \u201edari\u201d, gr\u00e2u alb, semin\u021be de \u0219ofr\u0103nel, maz\u0103re \u201emaz\u0103re de ar\u021bar\u201d, fasole mung, hri\u0219c\u0103, ov\u0103z decojit, vit\u0103. Componente analitice:<a class=\"more-link\" href=\"https:\/\/agorapetfood.com\/hu\/produs\/kings-mix-hrana-completa-pentru-sezonul-de-reproducere-al-porumbeilor-20-kg-3\/\">Continue reading <span class=\"screen-reader-text\">&#8220;King&#8217;s Mix-Hran\u0103 complet\u0103 pentru sezonul de reproducere al porumbeilor 20 Kg&#8221;<\/span><\/a><\/p>","protected":false},"featured_media":6095,"comment_status":"open","ping_status":"closed","template":"","meta":[],"product_brand":[],"product_cat":[],"product_tag":[],"class_list":{"0":"post-6141","1":"product","2":"type-product","3":"status-publish","4":"has-post-thumbnail","6":"entry","8":"first","9":"instock","10":"shipping-taxable","11":"purchasable","12":"product-type-simple"},"_links":{"self":[{"href":"https:\/\/agorapetfood.com\/hu\/wp-json\/wp\/v2\/product\/6141","targetHints":{"allow":["GET"]}}],"collection":[{"href":"https:\/\/agorapetfood.com\/hu\/wp-json\/wp\/v2\/product"}],"about":[{"href":"https:\/\/agorapetfood.com\/hu\/wp-json\/wp\/v2\/types\/product"}],"replies":[{"embeddable":true,"href":"https:\/\/agorapetfood.com\/hu\/wp-json\/wp\/v2\/comments?post=6141"}],"wp:featuredmedia":[{"embeddable":true,"href":"https:\/\/agorapetfood.com\/hu\/wp-json\/wp\/v2\/media\/6095"}],"wp:attachment":[{"href":"https:\/\/agorapetfood.com\/hu\/wp-json\/wp\/v2\/media?parent=6141"}],"wp:term":[{"taxonomy":"product_brand","embeddable":true,"href":"https:\/\/agorapetfood.com\/hu\/wp-json\/wp\/v2\/product_brand?post=6141"},{"taxonomy":"product_cat","embeddable":true,"href":"https:\/\/agorapetfood.com\/hu\/wp-json\/wp\/v2\/product_cat?post=6141"},{"taxonomy":"product_tag","embeddable":true,"href":"https:\/\/agorapetfood.com\/hu\/wp-json\/wp\/v2\/product_tag?post=6141"}],"curies":[{"name":"wp","href":"https:\/\/api.w.org\/{rel}","templated":true}]}}