{"id":6140,"date":"2025-12-16T12:59:30","date_gmt":"2025-12-16T10:59:30","guid":{"rendered":"https:\/\/agorapetfood.com\/?post_type=product&#038;p=6140"},"modified":"2025-12-16T12:59:30","modified_gmt":"2025-12-16T10:59:30","slug":"kings-mix-hrana-completa-pentru-sezonul-de-curse-al-porumbeilor-20-kg-3","status":"publish","type":"product","link":"https:\/\/agorapetfood.com\/hu\/produs\/kings-mix-hrana-completa-pentru-sezonul-de-curse-al-porumbeilor-20-kg-3\/","title":{"rendered":"King&#8217;s Mix-Hran\u0103 complet\u0103 pentru sezonul de curse al porumbeilor 20 Kg"},"content":{"rendered":"<p data-start=\"72\" data-end=\"260\">Hran\u0103 special formulat\u0103 pentru porumbeii activi \u00een sezonul de curse, oferind un amestec echilibrat de ingrediente care sus\u021bin performan\u021ba \u0219i rezisten\u021ba acestora pe parcursul competi\u021biilor.<\/p>\n<p data-start=\"262\" data-end=\"475\"><strong data-start=\"262\" data-end=\"277\">Compozi\u021bie:<\/strong><br data-start=\"277\" data-end=\"280\">Porumb \u201ecribbs\u201d, gr\u00e2u alb, sorg alb \u201edari\u201d, semin\u021be de \u0219ofr\u0103nel, maz\u0103re \u201edunpeas\u201d, maz\u0103re verde, maz\u0103re galben\u0103, sorg ro\u0219u (dari), vetre, ov\u0103z decojit, fasole mung, mei galben, mei alb, mei ro\u0219u.<\/p>\n<p data-start=\"477\" data-end=\"504\"><strong data-start=\"477\" data-end=\"502\">Componente analitice:<\/strong><\/p>\n<ul data-start=\"505\" data-end=\"550\">\n<li data-start=\"505\" data-end=\"530\">Protein\u0103 brut\u0103: 12.3%<\/li>\n<li data-start=\"531\" data-end=\"550\">Fibre brute: 5.1%<\/li>\n<\/ul>\n<p data-start=\"552\" data-end=\"859\"><strong data-start=\"552\" data-end=\"566\">Beneficii:<\/strong><br data-start=\"566\" data-end=\"569\">King&#8217;s Mix pentru sezonul de curse este formulat pentru a sus\u021bine energia \u0219i performan\u021ba porumbeilor \u00een timpul competi\u021biilor, asigur\u00e2ndu-le un aport echilibrat de proteine \u0219i fibre. Acest amestec de ingrediente de calitate contribuie la o condi\u021bie fizic\u0103 excelent\u0103 \u0219i o rezisten\u021b\u0103 crescut\u0103.<\/p>\n<p data-start=\"861\" data-end=\"927\" data-is-last-node=\"\" data-is-only-node=\"\"><strong data-start=\"861\" data-end=\"927\" data-is-last-node=\"\">Alege King&#8217;s Mix pentru performan\u021b\u0103 maxim\u0103 \u00een timpul curselor!<\/strong><\/p>","protected":false},"excerpt":{"rendered":"<p>Hran\u0103 special formulat\u0103 pentru porumbeii activi \u00een sezonul de curse, oferind un amestec echilibrat de ingrediente care sus\u021bin performan\u021ba \u0219i rezisten\u021ba acestora pe parcursul competi\u021biilor. Compozi\u021bie:Porumb \u201ecribbs\u201d, gr\u00e2u alb, sorg alb \u201edari\u201d, semin\u021be de \u0219ofr\u0103nel, maz\u0103re \u201edunpeas\u201d, maz\u0103re verde, maz\u0103re galben\u0103, sorg ro\u0219u (dari), vetre, ov\u0103z decojit, fasole mung, mei galben, mei alb, mei ro\u0219u.<a class=\"more-link\" href=\"https:\/\/agorapetfood.com\/hu\/produs\/kings-mix-hrana-completa-pentru-sezonul-de-curse-al-porumbeilor-20-kg-3\/\">Continue reading <span class=\"screen-reader-text\">&#8220;King&#8217;s Mix-Hran\u0103 complet\u0103 pentru sezonul de curse al porumbeilor 20 Kg&#8221;<\/span><\/a><\/p>","protected":false},"featured_media":6093,"comment_status":"open","ping_status":"closed","template":"","meta":[],"product_brand":[],"product_cat":[],"product_tag":[],"class_list":{"0":"post-6140","1":"product","2":"type-product","3":"status-publish","4":"has-post-thumbnail","6":"entry","8":"first","9":"instock","10":"shipping-taxable","11":"purchasable","12":"product-type-simple"},"_links":{"self":[{"href":"https:\/\/agorapetfood.com\/hu\/wp-json\/wp\/v2\/product\/6140","targetHints":{"allow":["GET"]}}],"collection":[{"href":"https:\/\/agorapetfood.com\/hu\/wp-json\/wp\/v2\/product"}],"about":[{"href":"https:\/\/agorapetfood.com\/hu\/wp-json\/wp\/v2\/types\/product"}],"replies":[{"embeddable":true,"href":"https:\/\/agorapetfood.com\/hu\/wp-json\/wp\/v2\/comments?post=6140"}],"wp:featuredmedia":[{"embeddable":true,"href":"https:\/\/agorapetfood.com\/hu\/wp-json\/wp\/v2\/media\/6093"}],"wp:attachment":[{"href":"https:\/\/agorapetfood.com\/hu\/wp-json\/wp\/v2\/media?parent=6140"}],"wp:term":[{"taxonomy":"product_brand","embeddable":true,"href":"https:\/\/agorapetfood.com\/hu\/wp-json\/wp\/v2\/product_brand?post=6140"},{"taxonomy":"product_cat","embeddable":true,"href":"https:\/\/agorapetfood.com\/hu\/wp-json\/wp\/v2\/product_cat?post=6140"},{"taxonomy":"product_tag","embeddable":true,"href":"https:\/\/agorapetfood.com\/hu\/wp-json\/wp\/v2\/product_tag?post=6140"}],"curies":[{"name":"wp","href":"https:\/\/api.w.org\/{rel}","templated":true}]}}