{"id":6132,"date":"2025-12-16T12:59:25","date_gmt":"2025-12-16T10:59:25","guid":{"rendered":"https:\/\/agorapetfood.com\/?post_type=product&#038;p=6132"},"modified":"2025-12-16T12:59:25","modified_gmt":"2025-12-16T10:59:25","slug":"agora-ulei-de-somon-250ml-3","status":"publish","type":"product","link":"https:\/\/agorapetfood.com\/hu\/produs\/agora-ulei-de-somon-250ml-3\/","title":{"rendered":"Agora Ulei de Somon 250ml"},"content":{"rendered":"<div class=\"flex max-w-full flex-col flex-grow\">\n<div data-message-author-role=\"assistant\" data-message-id=\"207d3925-10d0-4e13-96da-9f47196e062c\" dir=\"auto\" class=\"min-h-8 text-message flex w-full flex-col items-end gap-2 whitespace-normal break-words text-start [.text-message+&amp;]:mt-5\" data-message-model-slug=\"gpt-4o\">\n<div class=\"flex w-full flex-col gap-1 empty:hidden first:pt-[3px]\">\n<div class=\"markdown prose w-full break-words dark:prose-invert dark\">\n<p>Ofer\u0103 animalului t\u0103u de companie un plus de s\u0103n\u0103tate \u0219i vitalitate cu <strong>Uleiul de Somon 100% Pur<\/strong> de la Agora. Ideal pentru c\u00e2ini \u0219i pisici, acest produs natural este bogat \u00een acizi gra\u0219i Omega-3 \u0219i Omega-6, esen\u021biali pentru o piele s\u0103n\u0103toas\u0103, o blan\u0103 str\u0103lucitoare \u0219i o stare general\u0103 de bine.<\/p>\n<p>Cantitate: 1L<\/p>\n<p><strong>Beneficii cheie:<\/strong><\/p>\n<ul>\n<li>\n<strong>Sprijin\u0103 s\u0103n\u0103tatea pielii \u0219i a bl\u0103nii<\/strong> \u2013 Reduce irita\u021biile \u0219i \u00eembun\u0103t\u0103\u021be\u0219te aspectul bl\u0103nii.<\/li>\n<li>\n<strong>Sus\u021bine sistemul imunitar<\/strong> \u2013 \u00cembun\u0103t\u0103\u021be\u0219te rezisten\u021ba natural\u0103 a organismului.<\/li>\n<li>\n<strong>Promoveaz\u0103 s\u0103n\u0103tatea articula\u021biilor<\/strong> \u2013 Ideal pentru animalele active sau seniorii cu probleme articulare.<\/li>\n<li>\n<strong>Gust delicios<\/strong> \u2013 Uleiul de somon pur adaug\u0103 o arom\u0103 irezistibil\u0103 meselor zilnice.<\/li>\n<\/ul>\n<p>Produsul este ob\u021binut din somon de calitate superioar\u0103, procesat pentru a p\u0103stra toate propriet\u0103\u021bile benefice. F\u0103r\u0103 aditivi, coloran\u021bi sau conservan\u021bi.<\/p>\n<p><strong>Mod de utilizare:<\/strong><br \/>Adaug\u0103 cantitatea recomandat\u0103 pe ambalaj \u00een hrana zilnic\u0103, conform greut\u0103\u021bii animalului t\u0103u.<\/p>\n<p>Alege Agora pentru s\u0103n\u0103tatea \u0219i fericirea animalului t\u0103u de companie!<\/p>\n<\/div>\n<\/div>\n<\/div>\n<\/div>","protected":false},"excerpt":{"rendered":"<p>Ofer\u0103 animalului t\u0103u de companie un plus de s\u0103n\u0103tate \u0219i vitalitate cu Uleiul de Somon 100% Pur de la Agora. Ideal pentru c\u00e2ini \u0219i pisici, acest produs natural este bogat \u00een acizi gra\u0219i Omega-3 \u0219i Omega-6, esen\u021biali pentru o piele s\u0103n\u0103toas\u0103, o blan\u0103 str\u0103lucitoare \u0219i o stare general\u0103 de bine. Cantitate: 1L Beneficii cheie: Sprijin\u0103<a class=\"more-link\" href=\"https:\/\/agorapetfood.com\/hu\/produs\/agora-ulei-de-somon-250ml-3\/\">Continue reading <span class=\"screen-reader-text\">&#8220;Agora Ulei de Somon 250ml&#8221;<\/span><\/a><\/p>","protected":false},"featured_media":6086,"comment_status":"open","ping_status":"closed","template":"","meta":[],"product_brand":[],"product_cat":[],"product_tag":[],"class_list":{"0":"post-6132","1":"product","2":"type-product","3":"status-publish","4":"has-post-thumbnail","6":"entry","8":"first","9":"instock","10":"shipping-taxable","11":"purchasable","12":"product-type-simple"},"_links":{"self":[{"href":"https:\/\/agorapetfood.com\/hu\/wp-json\/wp\/v2\/product\/6132","targetHints":{"allow":["GET"]}}],"collection":[{"href":"https:\/\/agorapetfood.com\/hu\/wp-json\/wp\/v2\/product"}],"about":[{"href":"https:\/\/agorapetfood.com\/hu\/wp-json\/wp\/v2\/types\/product"}],"replies":[{"embeddable":true,"href":"https:\/\/agorapetfood.com\/hu\/wp-json\/wp\/v2\/comments?post=6132"}],"wp:featuredmedia":[{"embeddable":true,"href":"https:\/\/agorapetfood.com\/hu\/wp-json\/wp\/v2\/media\/6086"}],"wp:attachment":[{"href":"https:\/\/agorapetfood.com\/hu\/wp-json\/wp\/v2\/media?parent=6132"}],"wp:term":[{"taxonomy":"product_brand","embeddable":true,"href":"https:\/\/agorapetfood.com\/hu\/wp-json\/wp\/v2\/product_brand?post=6132"},{"taxonomy":"product_cat","embeddable":true,"href":"https:\/\/agorapetfood.com\/hu\/wp-json\/wp\/v2\/product_cat?post=6132"},{"taxonomy":"product_tag","embeddable":true,"href":"https:\/\/agorapetfood.com\/hu\/wp-json\/wp\/v2\/product_tag?post=6132"}],"curies":[{"name":"wp","href":"https:\/\/api.w.org\/{rel}","templated":true}]}}