{"id":6130,"date":"2025-12-16T12:59:17","date_gmt":"2025-12-16T10:59:17","guid":{"rendered":"https:\/\/agorapetfood.com\/?post_type=product&#038;p=6130"},"modified":"2025-12-16T12:59:18","modified_gmt":"2025-12-16T10:59:18","slug":"agora-super-premium-maxi-adult-3kg","status":"publish","type":"product","link":"https:\/\/agorapetfood.com\/hu\/produs\/agora-super-premium-maxi-adult-3kg\/","title":{"rendered":"AGORA Super Premium Maxi Adult 3Kg"},"content":{"rendered":"<p>Hran\u0103 complet\u0103 pentru c\u00e2inii de talie medie \u0219i mare &#8211; Dup\u0103 v\u00e2rsta de 15 luni.<\/p>\n<div class=\"page\" title=\"Page 2\">\n<p>Hran\u0103 complet\u0103 pentru c\u00e2inii de talie medie \u0219i mare- Dup\u0103 v\u00e2rsta de 15 luni.<\/p>\n<div class=\"vc_empty_space\"><\/div>\n<p>C\u00e2inii mari au un aparat digestiv relativ mic \u0219i, prin urmare, o capacitate digestiv\u0103 redus\u0103. Pere\u021bii intestinelor lor sunt mai permeabili dec\u00e2t cei ai c\u00e2inilor de ras\u0103 mic\u0103, permi\u021b\u00e2nd unei cantit\u0103\u021bi mai mari de ap\u0103 s\u0103 treac\u0103 prin ei \u0219i deci, \u00een materia fecal\u0103. O fermentare prea intens\u0103 a bacteriilor din colon poate cauza flatulen\u021b\u0103 la c\u00e2inii mari. Datorit\u0103 caracteristicilor lor unice, c\u00e2inii de ras\u0103 mare nu au doar un sistem digestiv delicat, dar \u0219i articula\u021bii sensibile. Exerci\u021biile sportive excesive, mai ales la c\u00e2inii tineri, pot cauza probleme ale oaselor \u0219i articula\u021biilor.<\/p>\n<div class=\"vc_empty_space\"><\/div>\n<p>Doar o hran\u0103 special\u0103, u\u0219or de digerat poate fi potrivit\u0103 pentru acest tip de c\u00e2ini.<\/p>\n<p><b>COMPONENTE ANALITICE<\/b> (%): Protein\u0103 brut\u0103: 26,0, Uleiuri \u0219i gr\u0103simi: 17,0, Acizi gra\u0219i Omega 6: 2,8, Acizi gra\u0219i Omega 3: 0,33, Materie anorganic\u0103: 5,9, Fibre crude: 1,9, Umiditate: 9,0, Calciu: 1,0, Fosfor: 0,7, Magneziu: 0,1. Energie metabolic\u0103 (KCAL\/KG): 3,956.<\/p>\n<div class=\"vc_empty_space\"><\/div>\n<p><b>ADITIVI (MG\/KG) ANTIOXIDAN\u021aI<\/b>: Vitamine: VitaminaA (IU\/kg): 24.000,0, Vitamina D3 (IU\/kg): 2.000,0, Vitamina E (alfa\u2013tocopherol): 500,0, Vitamina C: 200,0. Amino \u2013 acizi. Taurin\u0103: 1.200,0. Oligoelemente: Fier (sulfat de fier (monohidrat) \u2013 chelat de fier (II) de aminoacizi): 90,0, Cupru (sulfat de cupru (II)) \u2013 chelat de cupru (II) al aminoacizilor): 13,0, Zinc (zinc (II) sulfat (monohidrat) \u2013 chelat de zinc (II) de aminoacizi): 100,0, Mangan (mangan (II) chelat de oxigen \u2013 mangan (II) de aminoacizi): 40,0, Iod (iodat de calciu): 1,5, Seleniu (selenit de sodiu): 0,2.<\/p>\n<\/div>","protected":false},"excerpt":{"rendered":"<p>Hran\u0103 complet\u0103 pentru c\u00e2inii de talie medie \u0219i mare &#8211; Dup\u0103 v\u00e2rsta de 15 luni. Hran\u0103 complet\u0103 pentru c\u00e2inii de talie medie \u0219i mare- Dup\u0103 v\u00e2rsta de 15 luni. C\u00e2inii mari au un aparat digestiv relativ mic \u0219i, prin urmare, o capacitate digestiv\u0103 redus\u0103. Pere\u021bii intestinelor lor sunt mai permeabili dec\u00e2t cei ai c\u00e2inilor de<a class=\"more-link\" href=\"https:\/\/agorapetfood.com\/hu\/produs\/agora-super-premium-maxi-adult-3kg\/\">Continue reading <span class=\"screen-reader-text\">&#8220;AGORA Super Premium Maxi Adult 3Kg&#8221;<\/span><\/a><\/p>","protected":false},"featured_media":6131,"comment_status":"open","ping_status":"closed","template":"","meta":[],"product_brand":[],"product_cat":[],"product_tag":[],"class_list":{"0":"post-6130","1":"product","2":"type-product","3":"status-publish","4":"has-post-thumbnail","6":"entry","8":"first","9":"instock","10":"shipping-taxable","11":"purchasable","12":"product-type-simple"},"_links":{"self":[{"href":"https:\/\/agorapetfood.com\/hu\/wp-json\/wp\/v2\/product\/6130","targetHints":{"allow":["GET"]}}],"collection":[{"href":"https:\/\/agorapetfood.com\/hu\/wp-json\/wp\/v2\/product"}],"about":[{"href":"https:\/\/agorapetfood.com\/hu\/wp-json\/wp\/v2\/types\/product"}],"replies":[{"embeddable":true,"href":"https:\/\/agorapetfood.com\/hu\/wp-json\/wp\/v2\/comments?post=6130"}],"wp:featuredmedia":[{"embeddable":true,"href":"https:\/\/agorapetfood.com\/hu\/wp-json\/wp\/v2\/media\/6131"}],"wp:attachment":[{"href":"https:\/\/agorapetfood.com\/hu\/wp-json\/wp\/v2\/media?parent=6130"}],"wp:term":[{"taxonomy":"product_brand","embeddable":true,"href":"https:\/\/agorapetfood.com\/hu\/wp-json\/wp\/v2\/product_brand?post=6130"},{"taxonomy":"product_cat","embeddable":true,"href":"https:\/\/agorapetfood.com\/hu\/wp-json\/wp\/v2\/product_cat?post=6130"},{"taxonomy":"product_tag","embeddable":true,"href":"https:\/\/agorapetfood.com\/hu\/wp-json\/wp\/v2\/product_tag?post=6130"}],"curies":[{"name":"wp","href":"https:\/\/api.w.org\/{rel}","templated":true}]}}