{"id":6122,"date":"2025-12-16T12:59:05","date_gmt":"2025-12-16T10:59:05","guid":{"rendered":"https:\/\/agorapetfood.com\/?post_type=product&#038;p=6122"},"modified":"2025-12-16T12:59:06","modified_gmt":"2025-12-16T10:59:06","slug":"agora-cat-adult-complete-hrana-completa-pentru-pisici-adulte-8kg","status":"publish","type":"product","link":"https:\/\/agorapetfood.com\/hu\/produs\/agora-cat-adult-complete-hrana-completa-pentru-pisici-adulte-8kg\/","title":{"rendered":"Agora CAT ADULT COMPLETE &#8211; Hran\u0103 complet\u0103 pentru pisici adulte 8kg"},"content":{"rendered":"<p data-start=\"362\" data-end=\"867\">Agora CAT Adult ofer\u0103 o nutri\u021bie echilibrat\u0103 pentru toate pisicile adulte. Cu 42% protein\u0103 de pui \u0219i ingrediente atent selec\u021bionate, re\u021beta sprijin\u0103 vitalitatea zilnic\u0103 \u0219i digestia optim\u0103 prin MOS, FOS \u0219i yucca Mojave. Amestecul de ierburi \u0219i fructe sus\u021bine sistemul imunitar, iar formula f\u0103r\u0103 soia, OMG sau coloran\u021bi ofer\u0103 o alimenta\u021bie sigur\u0103 \u0219i natural\u0103. Perfect\u0103 pentru o diet\u0103 complet\u0103, gustoas\u0103 \u0219i u\u0219or de digerat.<\/p>","protected":false},"excerpt":{"rendered":"<p>Agora CAT Adult ofer\u0103 o nutri\u021bie echilibrat\u0103 pentru toate pisicile adulte. Cu 42% protein\u0103 de pui \u0219i ingrediente atent selec\u021bionate, re\u021beta sprijin\u0103 vitalitatea zilnic\u0103 \u0219i digestia optim\u0103 prin MOS, FOS \u0219i yucca Mojave. Amestecul de ierburi \u0219i fructe sus\u021bine sistemul imunitar, iar formula f\u0103r\u0103 soia, OMG sau coloran\u021bi ofer\u0103 o alimenta\u021bie sigur\u0103 \u0219i natural\u0103. Perfect\u0103<a class=\"more-link\" href=\"https:\/\/agorapetfood.com\/hu\/produs\/agora-cat-adult-complete-hrana-completa-pentru-pisici-adulte-8kg\/\">Continue reading <span class=\"screen-reader-text\">&#8220;Agora CAT ADULT COMPLETE &#8211; Hran\u0103 complet\u0103 pentru pisici adulte 8kg&#8221;<\/span><\/a><\/p>","protected":false},"featured_media":6123,"comment_status":"open","ping_status":"closed","template":"","meta":[],"product_brand":[],"product_cat":[],"product_tag":[],"class_list":{"0":"post-6122","1":"product","2":"type-product","3":"status-publish","4":"has-post-thumbnail","6":"entry","8":"first","9":"instock","10":"shipping-taxable","11":"purchasable","12":"product-type-simple"},"_links":{"self":[{"href":"https:\/\/agorapetfood.com\/hu\/wp-json\/wp\/v2\/product\/6122","targetHints":{"allow":["GET"]}}],"collection":[{"href":"https:\/\/agorapetfood.com\/hu\/wp-json\/wp\/v2\/product"}],"about":[{"href":"https:\/\/agorapetfood.com\/hu\/wp-json\/wp\/v2\/types\/product"}],"replies":[{"embeddable":true,"href":"https:\/\/agorapetfood.com\/hu\/wp-json\/wp\/v2\/comments?post=6122"}],"wp:featuredmedia":[{"embeddable":true,"href":"https:\/\/agorapetfood.com\/hu\/wp-json\/wp\/v2\/media\/6123"}],"wp:attachment":[{"href":"https:\/\/agorapetfood.com\/hu\/wp-json\/wp\/v2\/media?parent=6122"}],"wp:term":[{"taxonomy":"product_brand","embeddable":true,"href":"https:\/\/agorapetfood.com\/hu\/wp-json\/wp\/v2\/product_brand?post=6122"},{"taxonomy":"product_cat","embeddable":true,"href":"https:\/\/agorapetfood.com\/hu\/wp-json\/wp\/v2\/product_cat?post=6122"},{"taxonomy":"product_tag","embeddable":true,"href":"https:\/\/agorapetfood.com\/hu\/wp-json\/wp\/v2\/product_tag?post=6122"}],"curies":[{"name":"wp","href":"https:\/\/api.w.org\/{rel}","templated":true}]}}