{"id":6118,"date":"2025-12-16T12:59:02","date_gmt":"2025-12-16T10:59:02","guid":{"rendered":"https:\/\/agorapetfood.com\/?post_type=product&#038;p=6118"},"modified":"2025-12-16T12:59:04","modified_gmt":"2025-12-16T10:59:04","slug":"agora-cat-sterilized-hrana-completa-pentru-pisici-sterilizate-cu-suport-urinar-8-kg","status":"publish","type":"product","link":"https:\/\/agorapetfood.com\/hu\/produs\/agora-cat-sterilized-hrana-completa-pentru-pisici-sterilizate-cu-suport-urinar-8-kg\/","title":{"rendered":"Agora CAT STERILIZED  &#8211; Hran\u0103 complet\u0103 pentru pisici sterilizate, cu suport urinar 8 Kg"},"content":{"rendered":"<p data-start=\"2186\" data-end=\"2628\">Agora CAT Sterilized este formula ideal\u0103 pentru pisicile sterilizate, conceput\u0103 pentru controlul greut\u0103\u021bii \u0219i sus\u021binerea tractului urinar. Con\u021bine L-methionin\u0103 pentru reglarea pH-ului urinar, 43% protein\u0103 de pui pentru men\u021binerea masei musculare \u0219i o combina\u021bie de MOS, FOS \u0219i yucca Mojave pentru digestie optim\u0103. F\u0103r\u0103 soia, OMG \u0219i coloran\u021bi, aceast\u0103 hran\u0103 ofer\u0103 o diet\u0103 echilibrat\u0103 \u0219i sigur\u0103 pentru s\u0103n\u0103tatea pe termen lung.<\/p>","protected":false},"excerpt":{"rendered":"<p>Agora CAT Sterilized este formula ideal\u0103 pentru pisicile sterilizate, conceput\u0103 pentru controlul greut\u0103\u021bii \u0219i sus\u021binerea tractului urinar. Con\u021bine L-methionin\u0103 pentru reglarea pH-ului urinar, 43% protein\u0103 de pui pentru men\u021binerea masei musculare \u0219i o combina\u021bie de MOS, FOS \u0219i yucca Mojave pentru digestie optim\u0103. F\u0103r\u0103 soia, OMG \u0219i coloran\u021bi, aceast\u0103 hran\u0103 ofer\u0103 o diet\u0103 echilibrat\u0103 \u0219i<a class=\"more-link\" href=\"https:\/\/agorapetfood.com\/hu\/produs\/agora-cat-sterilized-hrana-completa-pentru-pisici-sterilizate-cu-suport-urinar-8-kg\/\">Continue reading <span class=\"screen-reader-text\">&#8220;Agora CAT STERILIZED  &#8211; Hran\u0103 complet\u0103 pentru pisici sterilizate, cu suport urinar 8 Kg&#8221;<\/span><\/a><\/p>","protected":false},"featured_media":6119,"comment_status":"open","ping_status":"closed","template":"","meta":[],"product_brand":[],"product_cat":[],"product_tag":[],"class_list":{"0":"post-6118","1":"product","2":"type-product","3":"status-publish","4":"has-post-thumbnail","6":"entry","8":"first","9":"instock","10":"shipping-taxable","11":"purchasable","12":"product-type-simple"},"_links":{"self":[{"href":"https:\/\/agorapetfood.com\/hu\/wp-json\/wp\/v2\/product\/6118","targetHints":{"allow":["GET"]}}],"collection":[{"href":"https:\/\/agorapetfood.com\/hu\/wp-json\/wp\/v2\/product"}],"about":[{"href":"https:\/\/agorapetfood.com\/hu\/wp-json\/wp\/v2\/types\/product"}],"replies":[{"embeddable":true,"href":"https:\/\/agorapetfood.com\/hu\/wp-json\/wp\/v2\/comments?post=6118"}],"wp:featuredmedia":[{"embeddable":true,"href":"https:\/\/agorapetfood.com\/hu\/wp-json\/wp\/v2\/media\/6119"}],"wp:attachment":[{"href":"https:\/\/agorapetfood.com\/hu\/wp-json\/wp\/v2\/media?parent=6118"}],"wp:term":[{"taxonomy":"product_brand","embeddable":true,"href":"https:\/\/agorapetfood.com\/hu\/wp-json\/wp\/v2\/product_brand?post=6118"},{"taxonomy":"product_cat","embeddable":true,"href":"https:\/\/agorapetfood.com\/hu\/wp-json\/wp\/v2\/product_cat?post=6118"},{"taxonomy":"product_tag","embeddable":true,"href":"https:\/\/agorapetfood.com\/hu\/wp-json\/wp\/v2\/product_tag?post=6118"}],"curies":[{"name":"wp","href":"https:\/\/api.w.org\/{rel}","templated":true}]}}